{"id":7,"date":"2012-03-22T10:47:39","date_gmt":"2012-03-22T10:47:39","guid":{"rendered":"http:\/\/vyrobniky.cz\/?page_id=7"},"modified":"2020-03-09T15:40:46","modified_gmt":"2020-03-09T15:40:46","slug":"kourove-vyrobniky","status":"publish","type":"page","link":"https:\/\/www.vyrobniky.cz\/?page_id=7","title":{"rendered":"Kou\u0159ov\u00e9 v\u00fdrobn\u00edky"},"content":{"rendered":"<p>Efektov\u00e9 <strong>v\u00fdrobn\u00edky kou\u0159e <\/strong>ocen\u00ed p\u0159edev\u0161\u00edm po\u0159adatel\u00e9 diskot\u00e9k, tane\u010dn\u00edch z\u00e1bav, koncert\u016f, ale perfektn\u011b se tato za\u0159\u00edzen\u00ed uplatn\u00ed samoz\u0159ejm\u011b tak\u00e9 na jevi\u0161t\u00edch divadel.<\/p>\n<p>Kou\u0159 p\u0159in\u00e1\u0161\u00ed vynikaj\u00edc\u00ed efekt tajemna. Ochlazen\u00fd kou\u0159, kter\u00fd vyjde z\u00a0v\u00fdrobn\u00edku se zpravidla dr\u017e\u00ed n\u00edzko p\u0159i zemi. Postupn\u00fdm ochlazov\u00e1n\u00edm se pak voln\u011b rozpt\u00fdl\u00ed po prostoru.<\/p>\n<p><strong>Kou\u0159ov\u00e9 v\u00fdrobn\u00edky <\/strong>existuj\u00ed v\u00a0mnoha r\u016fzn\u00fdch proveden\u00edch, od t\u011bch \u0161pi\u010dkov\u00fdch za\u0159\u00edzen\u00ed ur\u010den\u00fdch profesion\u00e1l\u016fm a\u017e po drobn\u011bj\u0161\u00ed v\u00fdrobn\u00edky, kter\u00e9 posta\u010d\u00ed ka\u017ed\u00e9 z\u00e1bavn\u00e9 akci men\u0161\u00edho rozsahu.<\/p>\n<p>Cel\u00e1 \u0159ada model\u016f funguje na DMX nebo d\u00e1lkov\u00e9 ovl\u00e1d\u00e1n\u00ed. Li\u0161\u00ed se tak\u00e9 kapacita n\u00e1dr\u017ee jednotliv\u00fdch v\u00fdrobn\u00edk\u016f.<\/p>\n<p>Dal\u0161\u00edm rozli\u0161ovac\u00edm krit\u00e9riem mezi jednotliv\u00fdmi modely v\u00fdrobn\u00edk\u016f je tak\u00e9 ml\u017e\u00edc\u00ed v\u00fdkon. Ten se uv\u00e1d\u00ed v\u00a0m<sup>3<\/sup> za minutu a ur\u010duje intenzitu vyprodukovan\u00e9ho kou\u0159e. <a title=\"efektov\u00e9 v\u00fdrobn\u00edky kou\u0159e\" href=\"http:\/\/www.disco-shop.cz\/disco\/eshop\/4-1-efektove-vyrobniky\/17-2-Mlhy-koure\" target=\"_blank\" rel=\"noopener noreferrer\"><strong>Kou\u0159ov\u00e9 v\u00fdrobn\u00edky<\/strong><\/a> s\u00a0nejvy\u0161\u0161\u00edm ml\u017e\u00edc\u00edm v\u00fdkonem pravd\u011bpodobn\u011b ocen\u00ed zejm\u00e9na po\u0159adatel\u00e9 divadeln\u00edch p\u0159edstaven\u00ed, kde nese um\u011bl\u00fd kou\u0159 krom\u011b funkce estetick\u00e9 rovn\u011b\u017e jakousi kryc\u00ed \u00falohu.<\/p>\n<p>V\u00fdborn\u011b se <strong>um\u011bl\u00fd kou\u0159<\/strong> vyj\u00edm\u00e1 nap\u0159\u00edklad tak\u00e9 ve spojen\u00ed s\u00a0vhodnou sv\u011btelnou technikou \u2013 pak lze doc\u00edlit skv\u011bl\u00e9ho efektu jak\u00e9hosi barevn\u00e9ho kou\u0159e.<\/p>\n\n\t\t<style type=\"text\/css\">\n\t\t\t#gallery-1 {\n\t\t\t\tmargin: auto;\n\t\t\t}\n\t\t\t#gallery-1 .gallery-item {\n\t\t\t\tfloat: left;\n\t\t\t\tmargin-top: 10px;\n\t\t\t\ttext-align: center;\n\t\t\t\twidth: 33%;\n\t\t\t}\n\t\t\t#gallery-1 img {\n\t\t\t\tborder: 2px solid #cfcfcf;\n\t\t\t}\n\t\t\t#gallery-1 .gallery-caption {\n\t\t\t\tmargin-left: 0;\n\t\t\t}\n\t\t\t\/* see gallery_shortcode() in wp-includes\/media.php *\/\n\t\t<\/style>\n\t\t<div id='gallery-1' class='gallery galleryid-7 gallery-columns-3 gallery-size-thumbnail'><dl class='gallery-item'>\n\t\t\t<dt class='gallery-icon landscape'>\n\t\t\t\t<a href='https:\/\/vyrobniky.cz\/wp-content\/uploads\/51701967.jpg'><img width=\"150\" height=\"150\" src=\"https:\/\/vyrobniky.cz\/wp-content\/uploads\/51701967-150x150.jpg\" class=\"attachment-thumbnail size-thumbnail\" alt=\"\" decoding=\"async\" loading=\"lazy\" \/><\/a>\n\t\t\t<\/dt><\/dl><dl class='gallery-item'>\n\t\t\t<dt class='gallery-icon landscape'>\n\t\t\t\t<a href='https:\/\/vyrobniky.cz\/wp-content\/uploads\/51701972.jpg'><img width=\"150\" height=\"150\" src=\"https:\/\/vyrobniky.cz\/wp-content\/uploads\/51701972-150x150.jpg\" class=\"attachment-thumbnail size-thumbnail\" alt=\"\" decoding=\"async\" loading=\"lazy\" \/><\/a>\n\t\t\t<\/dt><\/dl><dl class='gallery-item'>\n\t\t\t<dt class='gallery-icon landscape'>\n\t\t\t\t<a href='https:\/\/vyrobniky.cz\/wp-content\/uploads\/51702675_02.jpg'><img width=\"150\" height=\"150\" src=\"https:\/\/vyrobniky.cz\/wp-content\/uploads\/51702675_02-150x150.jpg\" class=\"attachment-thumbnail size-thumbnail\" alt=\"\" decoding=\"async\" loading=\"lazy\" \/><\/a>\n\t\t\t<\/dt><\/dl><br style=\"clear: both\" \/><dl class='gallery-item'>\n\t\t\t<dt class='gallery-icon landscape'>\n\t\t\t\t<a href='https:\/\/vyrobniky.cz\/wp-content\/uploads\/51702923_05.jpg'><img width=\"150\" height=\"150\" src=\"https:\/\/vyrobniky.cz\/wp-content\/uploads\/51702923_05-150x150.jpg\" class=\"attachment-thumbnail size-thumbnail\" alt=\"\" decoding=\"async\" loading=\"lazy\" \/><\/a>\n\t\t\t<\/dt><\/dl><dl class='gallery-item'>\n\t\t\t<dt class='gallery-icon landscape'>\n\t\t\t\t<a href='https:\/\/vyrobniky.cz\/wp-content\/uploads\/SK160436.jpg'><img width=\"150\" height=\"150\" src=\"https:\/\/vyrobniky.cz\/wp-content\/uploads\/SK160436-150x150.jpg\" class=\"attachment-thumbnail size-thumbnail\" alt=\"\" decoding=\"async\" loading=\"lazy\" \/><\/a>\n\t\t\t<\/dt><\/dl><dl class='gallery-item'>\n\t\t\t<dt class='gallery-icon landscape'>\n\t\t\t\t<a href='https:\/\/vyrobniky.cz\/wp-content\/uploads\/SK160436_01.jpg'><img width=\"150\" height=\"150\" src=\"https:\/\/vyrobniky.cz\/wp-content\/uploads\/SK160436_01-150x150.jpg\" class=\"attachment-thumbnail size-thumbnail\" alt=\"\" decoding=\"async\" loading=\"lazy\" srcset=\"https:\/\/vyrobniky.cz\/wp-content\/uploads\/SK160436_01-150x150.jpg 150w, https:\/\/vyrobniky.cz\/wp-content\/uploads\/SK160436_01-300x300.jpg 300w, https:\/\/vyrobniky.cz\/wp-content\/uploads\/SK160436_01.jpg 500w\" sizes=\"(max-width: 150px) 100vw, 150px\" \/><\/a>\n\t\t\t<\/dt><\/dl><br style=\"clear: both\" \/>\n\t\t<\/div>\n\n<p>V\u00fdrobn\u00edky jsou po nabit\u00ed za pomoci nap\u00e1jec\u00edho kabelu zpravidla neomezen\u011b mobiln\u00ed, a to p\u0159i pln\u00e9 funk\u010dnosti.<\/p>\n<p>Cel\u00e1 instalace i obsluha v\u00fdrobn\u00edku je tedy velmi snadn\u00e1. Po v\u00fd\u0161e popsan\u00e9m dobit\u00ed energie sta\u010d\u00ed do n\u00e1dr\u017ee efektov\u00e9ho v\u00fdrobn\u00edku nal\u00edt speci\u00e1ln\u00ed n\u00e1pl\u0148 (kapalinu) a show m\u016f\u017ee hned za\u010d\u00edt. N\u011bkter\u00e9 modely jsou z\u00e1kazn\u00edkovi dod\u00e1v\u00e1ny ji\u017e v\u010detn\u011b DMX ovlada\u010de, jindy posta\u010d\u00ed jej dokoupit. Ostatn\u00ed obvykle funguj\u00ed na klasick\u00e9 d\u00e1lkov\u00e9 ovl\u00e1d\u00e1n\u00ed.<\/p>\n<p>Na tuzemsk\u00e9m trhu se setk\u00e1te s\u00a0<strong>v\u00fdrobn\u00edky kou\u0159e<\/strong> poch\u00e1zej\u00edc\u00edmi z\u00a0d\u00edlen mnoha r\u016fzn\u00fdch firem. Doporu\u010dit potom lze nap\u0159\u00edklad kou\u0159ov\u00e9 v\u00fdrobn\u00edky zna\u010dek Antari, Eurolite, Skytec, ale tak\u00e9 QTX nebo Look.<\/p>\n<h2>Kde kou\u0159ov\u00e9 v\u00fdrobn\u00edky zakoupit?<\/h2>\n<p>doru\u010dujeme pouze specializovan\u00e9 prodejce sv\u011bteln\u00e9, zvukov\u00e9 show techniky na <a title=\"efektov\u00e9 v\u00fdrobn\u00edky\" href=\"http:\/\/www.disco-shop.cz\/disco\/eshop\/4-1-efektove-vyrobniky\" target=\"_blank\" rel=\"noopener noreferrer\">efektov\u00e9 v\u00fdrobn\u00edky<\/a>. Jedn\u00edm z nejv\u011bt\u0161\u00edch prodejc\u016f s \u0161irokou nab\u00eddkou kou\u0159ov\u00fdch v\u00fdrobn\u00edk\u016f je <a title=\"kou\u0159ov\u00e9 v\u00fdrobn\u00edky\" href=\"http:\/\/www.disco-shop.cz\/disco\/eshop\/4-1-efektove-vyrobniky\/17-2-Mlhy-koure\" target=\"_blank\" rel=\"noopener noreferrer\">DISCO-SHOP.CZ<\/a>.<\/p>\n<p><script charset=\"utf-8\" type=\"text\/javascript\">\/\/ <![CDATA[\n    VideoJS.setupAllWhenReady();\n\/\/ ]]><\/script><\/p>\n","protected":false},"excerpt":{"rendered":"<p>Efektov\u00e9 v\u00fdrobn\u00edky kou\u0159e ocen\u00ed p\u0159edev\u0161\u00edm po\u0159adatel\u00e9 diskot\u00e9k, tane\u010dn\u00edch z\u00e1bav, koncert\u016f, ale perfektn\u011b se tato za\u0159\u00edzen\u00ed uplatn\u00ed samoz\u0159ejm\u011b tak\u00e9 na jevi\u0161t\u00edch divadel. Kou\u0159 p\u0159in\u00e1\u0161\u00ed vynikaj\u00edc\u00ed efekt tajemna. Ochlazen\u00fd kou\u0159, kter\u00fd vyjde z\u00a0v\u00fdrobn\u00edku se zpravidla dr\u017e\u00ed n\u00edzko p\u0159i zemi. Postupn\u00fdm ochlazov\u00e1n\u00edm se pak voln\u011b rozpt\u00fdl\u00ed po prostoru. Kou\u0159ov\u00e9 v\u00fdrobn\u00edky existuj\u00ed v\u00a0mnoha r\u016fzn\u00fdch proveden\u00edch, od t\u011bch \u0161pi\u010dkov\u00fdch za\u0159\u00edzen\u00ed [&hellip;]<\/p>\n","protected":false},"author":1,"featured_media":0,"parent":0,"menu_order":10,"comment_status":"closed","ping_status":"closed","template":"","meta":[],"aioseo_notices":[],"_links":{"self":[{"href":"https:\/\/www.vyrobniky.cz\/index.php?rest_route=\/wp\/v2\/pages\/7"}],"collection":[{"href":"https:\/\/www.vyrobniky.cz\/index.php?rest_route=\/wp\/v2\/pages"}],"about":[{"href":"https:\/\/www.vyrobniky.cz\/index.php?rest_route=\/wp\/v2\/types\/page"}],"author":[{"embeddable":true,"href":"https:\/\/www.vyrobniky.cz\/index.php?rest_route=\/wp\/v2\/users\/1"}],"replies":[{"embeddable":true,"href":"https:\/\/www.vyrobniky.cz\/index.php?rest_route=%2Fwp%2Fv2%2Fcomments&post=7"}],"version-history":[{"count":17,"href":"https:\/\/www.vyrobniky.cz\/index.php?rest_route=\/wp\/v2\/pages\/7\/revisions"}],"predecessor-version":[{"id":161,"href":"https:\/\/www.vyrobniky.cz\/index.php?rest_route=\/wp\/v2\/pages\/7\/revisions\/161"}],"wp:attachment":[{"href":"https:\/\/www.vyrobniky.cz\/index.php?rest_route=%2Fwp%2Fv2%2Fmedia&parent=7"}],"curies":[{"name":"wp","href":"https:\/\/api.w.org\/{rel}","templated":true}]}}