{"id":151,"date":"2020-01-21T16:38:12","date_gmt":"2020-01-21T16:38:12","guid":{"rendered":"http:\/\/www.vyrobniky.cz\/?page_id=151"},"modified":"2020-01-21T16:44:25","modified_gmt":"2020-01-21T16:44:25","slug":"nova-technologie-vyroby-plazive-mlhy","status":"publish","type":"page","link":"https:\/\/www.vyrobniky.cz\/?page_id=151","title":{"rendered":"Nov\u00e1 technologie v\u00fdroby plaziv\u00e9 mlhy"},"content":{"rendered":"<div style=\"width: 224px\" class=\"wp-caption alignleft\"><img decoding=\"async\" loading=\"lazy\" src=\"https:\/\/www.disco-shop.cz\/fotky13453\/fotos\/_vyr_9900466SK160748.jpg\" alt=\"BeamZ LF1500 v\u00fdrobn\u00edk plaziv\u00e9 mlhy Low Fog, DMX, s p\u0159epravn\u00edm casem\" width=\"214\" height=\"214\" \/><p class=\"wp-caption-text\">BeamZ LF1500 v\u00fdrobn\u00edk plaziv\u00e9 mlhy Low Fog, DMX, s p\u0159epravn\u00edm casem<\/p><\/div>\n<p>Po\u0159\u00e1d\u00e1te diskot\u00e9ku, oslavu nebo jinou akci a chcete ji m\u00edt dostate\u010dn\u011b atraktivn\u00ed, tak jak to ka\u017ed\u00fd od v\u00e1s o\u010dek\u00e1v\u00e1? K\u00a0tomu skv\u011ble dopom\u00e1haj\u00ed fascinuj\u00edc\u00ed <strong>mlhov\u00e9 efekty<\/strong>. Doposud se jako <a href=\"http:\/\/www.vyrobniky.cz\/?page_id=115\">n\u00e1pl\u0148 do v\u00fdrobn\u00edk\u016f mlhy<\/a> b\u011b\u017en\u011b pou\u017e\u00edval \u00a0CO2 nebo such\u00fd led. Dnes v\u0161ak d\u00edky nov\u00fdm v\u00fdrobn\u00edm postup\u016fm m\u016f\u017eete na sv\u00fdch akc\u00edch vyr\u00e1b\u011bt mlhu, kter\u00e1 <strong>neohro\u017euje<\/strong> va\u0161e <strong>zdrav\u00ed<\/strong> ani zdrav\u00ed v\u0161ech z\u00fa\u010dastn\u011bn\u00fdch!<\/p>\n<p>K\u00a0v\u00fdrob\u011b mlhy ji\u017e nepot\u0159ebujete CO2 nebo such\u00fd led. S\u00a0novou technologi\u00ed v\u00fdroby mlhy v\u00e1m posta\u010d\u00ed pouh\u00e1 <strong>destilovan\u00e1 voda<\/strong>! Novinkou jsou <a href=\"https:\/\/www.disco-shop.cz\/disco\/eshop\/0\/0\/5\/9900466\">ultrazvukov\u00e9 mlhova\u010de<\/a>, kter\u00e9 pro v\u00fdrobu plaziv\u00e9 mlhy pou\u017e\u00edvaj\u00ed ultrazvuk. Do v\u00fdrobn\u00edku mlhy proto sta\u010d\u00ed nal\u00edt jen destilovanou vodu.\u00a0 Ultrazvukov\u00fd gener\u00e1tor mlhy hrav\u011b p\u0159em\u011bn\u00ed vodu na jemnou hustou mlhu, kter\u00e1 se plaz\u00ed p\u0159i zemi.<\/p>\n<p>Jde tedy o <strong>zdrav\u00ed ne\u0161kodnou v\u00fdrobu mlhy<\/strong>, kter\u00e1 <strong>nenaru\u0161uje \u017eivotn\u00ed prost\u0159ed\u00ed<\/strong>. Nehroz\u00ed \u00faniku nebo nashrom\u00e1\u017ed\u011bn\u00ed CO2. Dal\u0161\u00ed velkou v\u00fdhodou jsou i <strong>n\u00edzk\u00e9 n\u00e1klady.<\/strong><\/p>\n<p><a href=\"https:\/\/www.disco-shop.cz\/disco\/eshop\/0\/0\/5\/9900467\/\">Ultrazvukov\u00e9 mlhova\u010de<\/a> se b\u011bhem chv\u00edle (cca 8 minut) zah\u0159ej\u00ed a pak lze trvale vyr\u00e1b\u011bt mlhu. Mno\u017estv\u00ed vyfukovan\u00e9 mlhy m\u016f\u017eete regulovat. Ultrazvukov\u00e9 mlhova\u010de se ovl\u00e1daj\u00ed pomoc\u00ed LCD displeje nebo DMX sign\u00e1lu. V\u011bt\u0161\u00ed ultrazvukov\u00e9 gener\u00e1tory mlhy jsou opat\u0159eny kole\u010dky pro snadn\u011bj\u0161\u00ed manipulaci a p\u0159esun. <img decoding=\"async\" loading=\"lazy\" class=\"aligncenter\" src=\"https:\/\/www.disco-shop.cz\/fotky13453\/fotos\/_vyrp111_9900466SK160748_11.jpg\" alt=\"V\u00fdrobn\u00edk plaziv\u00e9 mlhy\" width=\"284\" height=\"284\" \/><\/p>\n","protected":false},"excerpt":{"rendered":"<p>Po\u0159\u00e1d\u00e1te diskot\u00e9ku, oslavu nebo jinou akci a chcete ji m\u00edt dostate\u010dn\u011b atraktivn\u00ed, tak jak to ka\u017ed\u00fd od v\u00e1s o\u010dek\u00e1v\u00e1? K\u00a0tomu skv\u011ble dopom\u00e1haj\u00ed fascinuj\u00edc\u00ed mlhov\u00e9 efekty. Doposud se jako n\u00e1pl\u0148 do v\u00fdrobn\u00edk\u016f mlhy b\u011b\u017en\u011b pou\u017e\u00edval \u00a0CO2 nebo such\u00fd led. Dnes v\u0161ak d\u00edky nov\u00fdm v\u00fdrobn\u00edm postup\u016fm m\u016f\u017eete na sv\u00fdch akc\u00edch vyr\u00e1b\u011bt mlhu, kter\u00e1 neohro\u017euje va\u0161e zdrav\u00ed ani [&hellip;]<\/p>\n","protected":false},"author":1,"featured_media":0,"parent":0,"menu_order":0,"comment_status":"closed","ping_status":"closed","template":"","meta":[],"aioseo_notices":[],"_links":{"self":[{"href":"https:\/\/www.vyrobniky.cz\/index.php?rest_route=\/wp\/v2\/pages\/151"}],"collection":[{"href":"https:\/\/www.vyrobniky.cz\/index.php?rest_route=\/wp\/v2\/pages"}],"about":[{"href":"https:\/\/www.vyrobniky.cz\/index.php?rest_route=\/wp\/v2\/types\/page"}],"author":[{"embeddable":true,"href":"https:\/\/www.vyrobniky.cz\/index.php?rest_route=\/wp\/v2\/users\/1"}],"replies":[{"embeddable":true,"href":"https:\/\/www.vyrobniky.cz\/index.php?rest_route=%2Fwp%2Fv2%2Fcomments&post=151"}],"version-history":[{"count":3,"href":"https:\/\/www.vyrobniky.cz\/index.php?rest_route=\/wp\/v2\/pages\/151\/revisions"}],"predecessor-version":[{"id":157,"href":"https:\/\/www.vyrobniky.cz\/index.php?rest_route=\/wp\/v2\/pages\/151\/revisions\/157"}],"wp:attachment":[{"href":"https:\/\/www.vyrobniky.cz\/index.php?rest_route=%2Fwp%2Fv2%2Fmedia&parent=151"}],"curies":[{"name":"wp","href":"https:\/\/api.w.org\/{rel}","templated":true}]}}