{"id":124,"date":"2016-03-23T12:45:20","date_gmt":"2016-03-23T12:45:20","guid":{"rendered":"http:\/\/www.vyrobniky.cz\/?page_id=124"},"modified":"2016-03-23T12:45:20","modified_gmt":"2016-03-23T12:45:20","slug":"naplne-pro-vyrobniky-snehu-a-bublin","status":"publish","type":"page","link":"https:\/\/www.vyrobniky.cz\/?page_id=124","title":{"rendered":"N\u00e1pln\u011b pro v\u00fdrobn\u00edky sn\u011bhu a bublin"},"content":{"rendered":"<p>Jste provozovatelem \u00fasp\u011b\u0161n\u00fdch, v\u00edce \u010di m\u00e9n\u011b divok\u00fdch ve\u010d\u00edrk\u016f a pro o\u017eiven\u00ed atmosf\u00e9ry pou\u017e\u00edv\u00e1te tak\u00e9 <a title=\"bublifuky \" href=\"http:\/\/www.vyrobniky.cz\/?page_id=11\">bublifuky <\/a>nebo dokonce <a title=\"v\u00fdrobn\u00edky sn\u011bhu\" href=\"http:\/\/www.vyrobniky.cz\/?page_id=9\">v\u00fdrobn\u00edky sn\u011bhu<\/a>? Pak budou pro v\u00e1s hned po v\u00fdrobn\u00edku samotn\u00e9m nejd\u016fle\u017eit\u011bj\u0161\u00edm dopl\u0148kem n\u00e1pln\u011b do bublifuk\u016f, respektive n\u00e1pln\u011b do v\u00fdrobn\u00edk\u016f sn\u011bhu.<\/p>\n<p>V\u0161echny koncentr\u00e1ty pro v\u00fdrobu bublin jsou zdravotn\u011b nez\u00e1vadn\u00e9, d\u00e1le m\u00e1te k\u00a0dispozici tak\u00e9 v\u00fdb\u011br z\u00a0mnoha speci\u00e1ln\u00edch \u2013 nap\u0159\u00edklad fluorescentn\u00edch druh\u016f UV n\u00e1pln\u011b, kter\u00e9 ud\u011blaj\u00ed cel\u00fd efekt je\u0161t\u011b velkolep\u011bj\u0161\u00edm. V tomto p\u0159\u00edpad\u011b doporu\u010dujeme k v\u00fdrobn\u00edku p\u0159idat i <a title=\"UV osv\u011btlen\u00ed\" href=\"http:\/\/www.uvosvetleni.cz\/\" target=\"_blank\">UV osv\u011btlen\u00ed<\/a>.<\/p>\n\n\t\t<style type=\"text\/css\">\n\t\t\t#gallery-1 {\n\t\t\t\tmargin: auto;\n\t\t\t}\n\t\t\t#gallery-1 .gallery-item {\n\t\t\t\tfloat: left;\n\t\t\t\tmargin-top: 10px;\n\t\t\t\ttext-align: center;\n\t\t\t\twidth: 33%;\n\t\t\t}\n\t\t\t#gallery-1 img {\n\t\t\t\tborder: 2px solid #cfcfcf;\n\t\t\t}\n\t\t\t#gallery-1 .gallery-caption {\n\t\t\t\tmargin-left: 0;\n\t\t\t}\n\t\t\t\/* see gallery_shortcode() in wp-includes\/media.php *\/\n\t\t<\/style>\n\t\t<div id='gallery-1' class='gallery galleryid-124 gallery-columns-3 gallery-size-thumbnail'><dl class='gallery-item'>\n\t\t\t<dt class='gallery-icon portrait'>\n\t\t\t\t<a href='https:\/\/vyrobniky.cz\/wp-content\/uploads\/vyr_6202SK160574.jpg'><img width=\"150\" height=\"150\" src=\"https:\/\/vyrobniky.cz\/wp-content\/uploads\/vyr_6202SK160574-150x150.jpg\" class=\"attachment-thumbnail size-thumbnail\" alt=\"n\u00e1pl\u0148 do v\u00fdrobn\u00edku bublin\" decoding=\"async\" loading=\"lazy\" \/><\/a>\n\t\t\t<\/dt><\/dl><dl class='gallery-item'>\n\t\t\t<dt class='gallery-icon landscape'>\n\t\t\t\t<a href='https:\/\/vyrobniky.cz\/wp-content\/uploads\/vyrp11_619751705220_01.jpg'><img width=\"150\" height=\"150\" src=\"https:\/\/vyrobniky.cz\/wp-content\/uploads\/vyrp11_619751705220_01-150x150.jpg\" class=\"attachment-thumbnail size-thumbnail\" alt=\"UV n\u00e1pl\u0148 do v\u00fdrobn\u00edku bublin\" decoding=\"async\" loading=\"lazy\" \/><\/a>\n\t\t\t<\/dt><\/dl><dl class='gallery-item'>\n\t\t\t<dt class='gallery-icon portrait'>\n\t\t\t\t<a href='https:\/\/vyrobniky.cz\/wp-content\/uploads\/13453_7139__vyr_713851707708.jpg'><img width=\"150\" height=\"150\" src=\"https:\/\/vyrobniky.cz\/wp-content\/uploads\/13453_7139__vyr_713851707708-150x150.jpg\" class=\"attachment-thumbnail size-thumbnail\" alt=\"n\u00e1pl\u0148 do v\u00fdrobn\u00edku sn\u011bhu\" decoding=\"async\" loading=\"lazy\" \/><\/a>\n\t\t\t<\/dt><\/dl><br style=\"clear: both\" \/><dl class='gallery-item'>\n\t\t\t<dt class='gallery-icon portrait'>\n\t\t\t\t<a href='https:\/\/vyrobniky.cz\/wp-content\/uploads\/51705300.jpg'><img width=\"150\" height=\"150\" src=\"https:\/\/vyrobniky.cz\/wp-content\/uploads\/51705300-150x150.jpg\" class=\"attachment-thumbnail size-thumbnail\" alt=\"n\u00e1pl\u0148 do v\u00fdrobn\u00edku bublin\" decoding=\"async\" loading=\"lazy\" \/><\/a>\n\t\t\t<\/dt><\/dl><dl class='gallery-item'>\n\t\t\t<dt class='gallery-icon landscape'>\n\t\t\t\t<a href='https:\/\/vyrobniky.cz\/wp-content\/uploads\/51706350.jpg'><img width=\"150\" height=\"150\" src=\"https:\/\/vyrobniky.cz\/wp-content\/uploads\/51706350-150x150.jpg\" class=\"attachment-thumbnail size-thumbnail\" alt=\"n\u00e1pl\u0148 do v\u00fdrobn\u00edku sn\u011bhu\" decoding=\"async\" loading=\"lazy\" \/><\/a>\n\t\t\t<\/dt><\/dl><dl class='gallery-item'>\n\t\t\t<dt class='gallery-icon portrait'>\n\t\t\t\t<a href='https:\/\/vyrobniky.cz\/wp-content\/uploads\/SK160578.jpg'><img width=\"150\" height=\"150\" src=\"https:\/\/vyrobniky.cz\/wp-content\/uploads\/SK160578-150x150.jpg\" class=\"attachment-thumbnail size-thumbnail\" alt=\"n\u00e1pl\u0148 do v\u00fdrobn\u00edku sn\u011bhu\" decoding=\"async\" loading=\"lazy\" \/><\/a>\n\t\t\t<\/dt><\/dl><br style=\"clear: both\" \/>\n\t\t<\/div>\n\n<p>Stejn\u011b tak m\u016f\u017eete z\u00a0\u0161irok\u00e9 nab\u00eddky vyb\u00edrat <a title=\"n\u00e1pln\u011b pro v\u00fdrobn\u00edky sn\u011bhu a p\u011bny\" href=\"http:\/\/www.disco-shop.cz\/disco\/eshop\/4-1-efektove-vyrobniky\/21-2-Napl-do-vyr-snehu-peny\" target=\"_blank\">n\u00e1pln\u011b pro v\u00fdrobn\u00edky sn\u011bhu a p\u011bny<\/a>. Stejn\u011b jako<a title=\" n\u00e1pln\u011b do bublifuk\u016f\" href=\"http:\/\/www.disco-shop.cz\/disco\/eshop\/4-1-efektove-vyrobniky\/20-2-Naplne-do-bublifuku\" target=\"_blank\"> n\u00e1pln\u011b do bublifuk\u016f<\/a> jsou i tyto emulze zdravotn\u011b nez\u00e1vadn\u00e9, nedr\u00e1\u017ed\u00ed poko\u017eku a po vyprch\u00e1n\u00ed nezanech\u00e1vaj\u00ed na oble\u010den\u00ed ani na n\u00e1bytku \u017e\u00e1dn\u00e9 stopy.<br \/>\nUm\u011bl\u00fd sn\u00edh se skv\u011ble uplatn\u00ed nejen na ve\u010d\u00edrc\u00edch, ale nap\u0159\u00edklad tak\u00e9 na koncertech a v\u0161ude tam, kde je t\u0159eba i uprost\u0159ed l\u00e9ta \u017e\u00e1douc\u00ed navodit pravou zimn\u00ed atmosf\u00e9ru.<\/p>\n","protected":false},"excerpt":{"rendered":"<p>Jste provozovatelem \u00fasp\u011b\u0161n\u00fdch, v\u00edce \u010di m\u00e9n\u011b divok\u00fdch ve\u010d\u00edrk\u016f a pro o\u017eiven\u00ed atmosf\u00e9ry pou\u017e\u00edv\u00e1te tak\u00e9 bublifuky nebo dokonce v\u00fdrobn\u00edky sn\u011bhu? Pak budou pro v\u00e1s hned po v\u00fdrobn\u00edku samotn\u00e9m nejd\u016fle\u017eit\u011bj\u0161\u00edm dopl\u0148kem n\u00e1pln\u011b do bublifuk\u016f, respektive n\u00e1pln\u011b do v\u00fdrobn\u00edk\u016f sn\u011bhu. V\u0161echny koncentr\u00e1ty pro v\u00fdrobu bublin jsou zdravotn\u011b nez\u00e1vadn\u00e9, d\u00e1le m\u00e1te k\u00a0dispozici tak\u00e9 v\u00fdb\u011br z\u00a0mnoha speci\u00e1ln\u00edch \u2013 nap\u0159\u00edklad fluorescentn\u00edch [&hellip;]<\/p>\n","protected":false},"author":1,"featured_media":0,"parent":0,"menu_order":0,"comment_status":"closed","ping_status":"closed","template":"","meta":[],"aioseo_notices":[],"_links":{"self":[{"href":"https:\/\/www.vyrobniky.cz\/index.php?rest_route=\/wp\/v2\/pages\/124"}],"collection":[{"href":"https:\/\/www.vyrobniky.cz\/index.php?rest_route=\/wp\/v2\/pages"}],"about":[{"href":"https:\/\/www.vyrobniky.cz\/index.php?rest_route=\/wp\/v2\/types\/page"}],"author":[{"embeddable":true,"href":"https:\/\/www.vyrobniky.cz\/index.php?rest_route=\/wp\/v2\/users\/1"}],"replies":[{"embeddable":true,"href":"https:\/\/www.vyrobniky.cz\/index.php?rest_route=%2Fwp%2Fv2%2Fcomments&post=124"}],"version-history":[{"count":1,"href":"https:\/\/www.vyrobniky.cz\/index.php?rest_route=\/wp\/v2\/pages\/124\/revisions"}],"predecessor-version":[{"id":131,"href":"https:\/\/www.vyrobniky.cz\/index.php?rest_route=\/wp\/v2\/pages\/124\/revisions\/131"}],"wp:attachment":[{"href":"https:\/\/www.vyrobniky.cz\/index.php?rest_route=%2Fwp%2Fv2%2Fmedia&parent=124"}],"curies":[{"name":"wp","href":"https:\/\/api.w.org\/{rel}","templated":true}]}}