{"id":104,"date":"2008-06-03T12:01:29","date_gmt":"2008-06-03T12:01:29","guid":{"rendered":"http:\/\/www.vyrobniky.cz\/?page_id=104"},"modified":"2013-06-03T12:02:45","modified_gmt":"2013-06-03T12:02:45","slug":"novinky-vyrobniky-koure","status":"publish","type":"page","link":"https:\/\/www.vyrobniky.cz\/?page_id=104","title":{"rendered":"Novinky &#8211; v\u00fdrobn\u00edky kou\u0159e"},"content":{"rendered":"<p>\u010clov\u011bk, i kdy\u017e jeho schopnosti jsou v\u00a0dne\u0161n\u00ed dob\u011b velk\u00e9, nem\u016f\u017ee nikdy ovlivnit v\u0161e. Existuj\u00ed zkr\u00e1tka v\u011bci, kter\u00e9 bez pomoci sofistikovan\u00e9 techniky nedok\u00e1\u017ee. Mezi takov\u00e9 v\u011bci pat\u0159\u00ed i kou\u0159. M\u016f\u017eete nam\u00edtnout, \u017ee kou\u0159 je pro v\u00fdrobu snadn\u00fd, ale vzpome\u0148te si: za\u017eili jste n\u011bkdy kou\u0159, kter\u00fd by nezap\u00e1chal, nenesl s\u00a0sebou popel a p\u0159itom byl p\u0159\u00edrodn\u00ed? Nejsp\u00ed\u0161 ne, a i pro to jsou tu <strong>v\u00fdrobn\u00edky kou\u0159e<\/strong>.<\/p>\n<p>Kou\u0159 je toti\u017e substanc\u00ed, kter\u00e1 je v\u00a0uzav\u0159en\u00fdch prostor\u00e1ch za norm\u00e1ln\u00edch okolnost\u00ed nepou\u017eiteln\u00e1. Je pln\u00fd zplodin a je nevhodn\u00fd pro vdechov\u00e1n\u00ed \u010dlov\u011bkem. Z\u00e1rove\u0148 je v\u0161ak velice efektn\u00ed a pro atmosf\u00e9ru produkce mnohdy zcela nepostradateln\u00fd. <strong>Efektov\u00e9 v\u00fdrobn\u00edky<\/strong> maj\u00ed tak\u00e9 v\u00fdhodu spo\u010d\u00edvaj\u00edc\u00ed ve sv\u00e9 nen\u00e1padnosti. V\u011bt\u0161ina lid\u00ed je neidentifikuje on n\u011bkter\u00e9ho z\u00a0jin\u00fdch sou\u010d\u00e1st\u00ed p\u00f3diov\u00e9ho syst\u00e9mu a pro obecenstvo tedy mohou b\u00fdt kou\u0159ov\u00e9 efekty velk\u00fdm p\u0159ekvapen\u00edm.<\/p>\n<p>Princip t\u011bchto v\u00fdrobn\u00edk\u016f je jednoduch\u00fd. Vyr\u00e1b\u011bj\u00ed ochlazen\u00fd kou\u0159, kter\u00fd se dr\u017e\u00ed p\u0159i zemi. D\u00edky tomu nezast\u00edr\u00e1 pohled na d\u011bn\u00ed na p\u00f3diu, ale pouze dotv\u00e1\u0159\u00ed atmosf\u00e9ru. <strong>Efektov\u00e9 <a title=\"v\u00fdrobn\u00edky kou\u0159e\" href=\"http:\/\/www.disco-shop.cz\/disco\/eshop\/4-1-efektove-vyrobniky\/17-2-Mlhy-koure\" target=\"_blank\">v\u00fdrobn\u00edky<\/a><\/strong><strong><a title=\"v\u00fdrobn\u00edky kou\u0159e\" href=\"http:\/\/www.disco-shop.cz\/disco\/eshop\/4-1-efektove-vyrobniky\/17-2-Mlhy-koure\" target=\"_blank\">kou\u0159e<\/a> <\/strong>chrl\u00ed na p\u00f3dium ur\u010dit\u00e9 mno\u017estv\u00ed um\u011bl\u00e9ho kou\u0159e v\u00a0p\u0159edem nadefinovan\u00fdch intervalech, tud\u00ed\u017e nen\u00ed pot\u0159eba se b\u011bhem produkce p\u0159\u00edli\u0161 starat o jejich chod. Tento ochlazen\u00fd kou\u0159 se postupn\u011b zah\u0159\u00edv\u00e1 a vytr\u00e1c\u00ed se. Podobn\u011b jako jin\u00e9 efekty tud\u00ed\u017e na ni\u010dem neulp\u00edv\u00e1, nezap\u00e1ch\u00e1 a nevytv\u00e1\u0159\u00ed skvrny. Nav\u00edc je takov\u00fd kou\u0159 zcela ne\u0161kodn\u00fd pro lidsk\u00e9 pl\u00edce, proto\u017ee nevznik\u00e1 na b\u00e1zi spalov\u00e1n\u00ed, ale pouze um\u011bl\u00e9 chemick\u00e9 reakce.<\/p>\n<p>Pokud m\u00e1te obavu z\u00a0toho, \u017ee <a title=\"v\u00fdrobn\u00edky kou\u0159e\" href=\"http:\/\/www.e-halloween.cz\/halloween\/eshop\/6-1-Mlhove-vyrobniky\" target=\"_blank\"><strong>v\u00fdrobn\u00edky kou\u0159e<\/strong><\/a> budou m\u00edt n\u00e1kladn\u00fd provoz, tak nezoufejte. Ano, ke sv\u00e9mu provozu pot\u0159ebuj\u00ed elektrickou energii, ale maj\u00ed zcela b\u011b\u017en\u00fd odb\u011br a v\u00a0kontextu dal\u0161\u00ed p\u00f3diov\u00e9 techniky pat\u0159\u00ed mezi ty nejm\u00e9n\u011b energeticky n\u00e1ro\u010dn\u00e9 p\u0159\u00edstroje. Lze je tak\u00e9 synchronizovat s\u00a0osv\u011btlen\u00edm, d\u00edky \u010demu\u017e doc\u00edl\u00edte opravdu zaj\u00edmav\u00fdch efekt\u016f dopl\u0148uj\u00edc\u00edch se navz\u00e1jem.<\/p>\n\n\t\t<style type=\"text\/css\">\n\t\t\t#gallery-1 {\n\t\t\t\tmargin: auto;\n\t\t\t}\n\t\t\t#gallery-1 .gallery-item {\n\t\t\t\tfloat: left;\n\t\t\t\tmargin-top: 10px;\n\t\t\t\ttext-align: center;\n\t\t\t\twidth: 33%;\n\t\t\t}\n\t\t\t#gallery-1 img {\n\t\t\t\tborder: 2px solid #cfcfcf;\n\t\t\t}\n\t\t\t#gallery-1 .gallery-caption {\n\t\t\t\tmargin-left: 0;\n\t\t\t}\n\t\t\t\/* see gallery_shortcode() in wp-includes\/media.php *\/\n\t\t<\/style>\n\t\t<div id='gallery-1' class='gallery galleryid-104 gallery-columns-3 gallery-size-thumbnail'><dl class='gallery-item'>\n\t\t\t<dt class='gallery-icon landscape'>\n\t\t\t\t<a href='https:\/\/vyrobniky.cz\/wp-content\/uploads\/5170261A.jpg'><img width=\"150\" height=\"150\" src=\"https:\/\/vyrobniky.cz\/wp-content\/uploads\/5170261A-150x150.jpg\" class=\"attachment-thumbnail size-thumbnail\" alt=\"\" decoding=\"async\" loading=\"lazy\" \/><\/a>\n\t\t\t<\/dt><\/dl><dl class='gallery-item'>\n\t\t\t<dt class='gallery-icon landscape'>\n\t\t\t\t<a href='https:\/\/vyrobniky.cz\/wp-content\/uploads\/SK160456.jpg'><img width=\"150\" height=\"150\" src=\"https:\/\/vyrobniky.cz\/wp-content\/uploads\/SK160456-150x150.jpg\" class=\"attachment-thumbnail size-thumbnail\" alt=\"\" decoding=\"async\" loading=\"lazy\" \/><\/a>\n\t\t\t<\/dt><\/dl><dl class='gallery-item'>\n\t\t\t<dt class='gallery-icon landscape'>\n\t\t\t\t<a href='https:\/\/vyrobniky.cz\/wp-content\/uploads\/SK160459.jpg'><img width=\"150\" height=\"150\" src=\"https:\/\/vyrobniky.cz\/wp-content\/uploads\/SK160459-150x150.jpg\" class=\"attachment-thumbnail size-thumbnail\" alt=\"\" decoding=\"async\" loading=\"lazy\" \/><\/a>\n\t\t\t<\/dt><\/dl><br style=\"clear: both\" \/>\n\t\t<\/div>\n\n","protected":false},"excerpt":{"rendered":"<p>\u010clov\u011bk, i kdy\u017e jeho schopnosti jsou v\u00a0dne\u0161n\u00ed dob\u011b velk\u00e9, nem\u016f\u017ee nikdy ovlivnit v\u0161e. Existuj\u00ed zkr\u00e1tka v\u011bci, kter\u00e9 bez pomoci sofistikovan\u00e9 techniky nedok\u00e1\u017ee. Mezi takov\u00e9 v\u011bci pat\u0159\u00ed i kou\u0159. M\u016f\u017eete nam\u00edtnout, \u017ee kou\u0159 je pro v\u00fdrobu snadn\u00fd, ale vzpome\u0148te si: za\u017eili jste n\u011bkdy kou\u0159, kter\u00fd by nezap\u00e1chal, nenesl s\u00a0sebou popel a p\u0159itom byl p\u0159\u00edrodn\u00ed? Nejsp\u00ed\u0161 ne, [&hellip;]<\/p>\n","protected":false},"author":1,"featured_media":0,"parent":0,"menu_order":100,"comment_status":"closed","ping_status":"closed","template":"","meta":[],"aioseo_notices":[],"_links":{"self":[{"href":"https:\/\/www.vyrobniky.cz\/index.php?rest_route=\/wp\/v2\/pages\/104"}],"collection":[{"href":"https:\/\/www.vyrobniky.cz\/index.php?rest_route=\/wp\/v2\/pages"}],"about":[{"href":"https:\/\/www.vyrobniky.cz\/index.php?rest_route=\/wp\/v2\/types\/page"}],"author":[{"embeddable":true,"href":"https:\/\/www.vyrobniky.cz\/index.php?rest_route=\/wp\/v2\/users\/1"}],"replies":[{"embeddable":true,"href":"https:\/\/www.vyrobniky.cz\/index.php?rest_route=%2Fwp%2Fv2%2Fcomments&post=104"}],"version-history":[{"count":6,"href":"https:\/\/www.vyrobniky.cz\/index.php?rest_route=\/wp\/v2\/pages\/104\/revisions"}],"predecessor-version":[{"id":113,"href":"https:\/\/www.vyrobniky.cz\/index.php?rest_route=\/wp\/v2\/pages\/104\/revisions\/113"}],"wp:attachment":[{"href":"https:\/\/www.vyrobniky.cz\/index.php?rest_route=%2Fwp%2Fv2%2Fmedia&parent=104"}],"curies":[{"name":"wp","href":"https:\/\/api.w.org\/{rel}","templated":true}]}}